{"id":296,"date":"2021-10-04T02:16:10","date_gmt":"2021-10-03T23:16:10","guid":{"rendered":"http:\/\/www.drziyayavuz.com\/fr\/?page_id=296"},"modified":"2021-10-12T01:37:10","modified_gmt":"2021-10-11T22:37:10","slug":"hotel","status":"publish","type":"page","link":"https:\/\/www.drziyayavuz.com\/fr\/hotel\/","title":{"rendered":"Hotel"},"content":{"rendered":"<h2><strong>A propos de l&rsquo;h\u00f4tel Hilton Kozyata<\/strong><strong>\u011f\u0131<\/strong><strong> (5<\/strong> \u00e9toiles)<\/h2>\n<p>Hilton Istanbul Kozyatagi est situ\u00e9 dans le quartier des affaires de la partie asiatique d&rsquo;Istanbul. Install\u00e9 dans deux tours circulaires de grande hauteur, le Hilton Istanbul Kozyatagi propose<\/p>\n<p>une accomodation avec des \u00e9quipements de haute gamme, une cuisine raffin\u00e9e et des salles de r\u00e9union modernes. Situ\u00e9 \u00e0 proximit\u00e9 du centre commercial Outlet, l&rsquo;h\u00f4tel se trouve \u00e0 une courte distance en voiture des centres commerciaux, du centre culturel anim\u00e9 de Kad\u0131k\u00f6y et des boutiques, restaurants et caf\u00e9s de l&rsquo;avenue Bagdat. La p\u00e9ninsule historique d&rsquo;Istanbul est \u00e0 seulement 5 stations de m\u00e9tro et de la connexion m\u00e9tro de Marmaray.<\/p>\n<p>&nbsp;<\/p>\n","protected":false},"excerpt":{"rendered":"<p>A propos de l&rsquo;h\u00f4tel Hilton Kozyata\u011f\u0131 (5 \u00e9toiles) Hilton Istanbul Kozyatagi est situ\u00e9 dans le quartier des affaires de la partie asiatique d&rsquo;Istanbul. Install\u00e9 dans deux tours circulaires de grande hauteur, le Hilton Istanbul Kozyatagi propose une accomodation avec des \u00e9quipements de haute gamme, une cuisine raffin\u00e9e et des salles de r\u00e9union modernes. Situ\u00e9 \u00e0 [&hellip;]<\/p>\n","protected":false},"author":1,"featured_media":298,"parent":0,"menu_order":0,"comment_status":"closed","ping_status":"closed","template":"","meta":{"footnotes":""},"class_list":["post-296","page","type-page","status-publish","has-post-thumbnail","hentry"],"_links":{"self":[{"href":"https:\/\/www.drziyayavuz.com\/fr\/wp-json\/wp\/v2\/pages\/296","targetHints":{"allow":["GET"]}}],"collection":[{"href":"https:\/\/www.drziyayavuz.com\/fr\/wp-json\/wp\/v2\/pages"}],"about":[{"href":"https:\/\/www.drziyayavuz.com\/fr\/wp-json\/wp\/v2\/types\/page"}],"author":[{"embeddable":true,"href":"https:\/\/www.drziyayavuz.com\/fr\/wp-json\/wp\/v2\/users\/1"}],"replies":[{"embeddable":true,"href":"https:\/\/www.drziyayavuz.com\/fr\/wp-json\/wp\/v2\/comments?post=296"}],"version-history":[{"count":3,"href":"https:\/\/www.drziyayavuz.com\/fr\/wp-json\/wp\/v2\/pages\/296\/revisions"}],"predecessor-version":[{"id":375,"href":"https:\/\/www.drziyayavuz.com\/fr\/wp-json\/wp\/v2\/pages\/296\/revisions\/375"}],"wp:featuredmedia":[{"embeddable":true,"href":"https:\/\/www.drziyayavuz.com\/fr\/wp-json\/wp\/v2\/media\/298"}],"wp:attachment":[{"href":"https:\/\/www.drziyayavuz.com\/fr\/wp-json\/wp\/v2\/media?parent=296"}],"curies":[{"name":"wp","href":"https:\/\/api.w.org\/{rel}","templated":true}]}}