{"id":258,"date":"2021-10-01T14:52:07","date_gmt":"2021-10-01T11:52:07","guid":{"rendered":"http:\/\/www.drziyayavuz.com\/fr\/?page_id=258"},"modified":"2021-10-12T01:43:00","modified_gmt":"2021-10-11T22:43:00","slug":"avant-loperation-dimplant-de-cheveux","status":"publish","type":"page","link":"https:\/\/www.drziyayavuz.com\/fr\/avant-loperation-dimplant-de-cheveux\/","title":{"rendered":"Avant l&rsquo;op\u00e9ration d&rsquo;implant de cheveux"},"content":{"rendered":"<p>Si vous utilisez un m\u00e9dicament ou une lotion pour pr\u00e9venir la chute des cheveux, vous devez arr\u00eater de les utiliser 2 semaines avant l&rsquo;op\u00e9ration. Vous pouvez continuer \u00e0 utiliser votre shampoing. Une semaine avant l&rsquo;op\u00e9ration, vous devez arr\u00eater de prendre de l&rsquo;aspirine et\/ou des m\u00e9dicaments similaires.<\/p>\n<p>Il n&rsquo;est pas recommand\u00e9 de fumer le matin avant l&rsquo;op\u00e9ration et pendant au moins 36 heures apr\u00e8s l&rsquo;op\u00e9ration. Il n&rsquo;est pas recommand\u00e9 de consommer de l&rsquo;alcool 1 jour avant et 5 jours apr\u00e8s l&rsquo;op\u00e9ration. Vous devez \u00e9galement diminuer la consommation de caf\u00e9ine et de th\u00e9 vert.<\/p>\n<p>Le jour de l&rsquo;op\u00e9ration, vous pouvez prendre une douche et vous devez prendre votre petit-d\u00e9jeuner avant de venir \u00e0 l&rsquo;h\u00f4pital. Portez des v\u00eatements avec des boutons devant ou un sweat shirt avec une fermeture \u00e9clair et choisissez des chaussures confortables.<\/p>\n<p>Dans les tests que nous allons effectuer avant l&rsquo;op\u00e9ration, nous v\u00e9rifions l&rsquo;h\u00e9patite B, l&rsquo;h\u00e9patite C et le VIH. Si l&rsquo;un des ces tests est positif, nous devons malheureusement annuler l&rsquo;op\u00e9ration.<\/p>\n<p>L&rsquo;analg\u00e9sique qui vous est fourni lors de l&rsquo;op\u00e9ration vous permettra de passer une nuit confortable.<\/p>\n<p>De plus, vous serez inform\u00e9 des d\u00e9tails de l&rsquo;utilisation des m\u00e9dicaments.<\/p>\n<p>Des avertissements et des conseils au sujet de la p\u00e9riode post op\u00e9ratoire vous seront expliqu\u00e9s par le m\u00e9decin \u00e0 la fin de l&rsquo;intervention.<\/p>\n<p>&nbsp;<\/p>\n","protected":false},"excerpt":{"rendered":"<p>Si vous utilisez un m\u00e9dicament ou une lotion pour pr\u00e9venir la chute des cheveux, vous devez arr\u00eater de les utiliser 2 semaines avant l&rsquo;op\u00e9ration. Vous pouvez continuer \u00e0 utiliser votre shampoing. Une semaine avant l&rsquo;op\u00e9ration, vous devez arr\u00eater de prendre de l&rsquo;aspirine et\/ou des m\u00e9dicaments similaires. Il n&rsquo;est pas recommand\u00e9 de fumer le matin avant [&hellip;]<\/p>\n","protected":false},"author":1,"featured_media":262,"parent":0,"menu_order":0,"comment_status":"closed","ping_status":"closed","template":"","meta":{"footnotes":""},"class_list":["post-258","page","type-page","status-publish","has-post-thumbnail","hentry"],"_links":{"self":[{"href":"https:\/\/www.drziyayavuz.com\/fr\/wp-json\/wp\/v2\/pages\/258","targetHints":{"allow":["GET"]}}],"collection":[{"href":"https:\/\/www.drziyayavuz.com\/fr\/wp-json\/wp\/v2\/pages"}],"about":[{"href":"https:\/\/www.drziyayavuz.com\/fr\/wp-json\/wp\/v2\/types\/page"}],"author":[{"embeddable":true,"href":"https:\/\/www.drziyayavuz.com\/fr\/wp-json\/wp\/v2\/users\/1"}],"replies":[{"embeddable":true,"href":"https:\/\/www.drziyayavuz.com\/fr\/wp-json\/wp\/v2\/comments?post=258"}],"version-history":[{"count":4,"href":"https:\/\/www.drziyayavuz.com\/fr\/wp-json\/wp\/v2\/pages\/258\/revisions"}],"predecessor-version":[{"id":376,"href":"https:\/\/www.drziyayavuz.com\/fr\/wp-json\/wp\/v2\/pages\/258\/revisions\/376"}],"wp:featuredmedia":[{"embeddable":true,"href":"https:\/\/www.drziyayavuz.com\/fr\/wp-json\/wp\/v2\/media\/262"}],"wp:attachment":[{"href":"https:\/\/www.drziyayavuz.com\/fr\/wp-json\/wp\/v2\/media?parent=258"}],"curies":[{"name":"wp","href":"https:\/\/api.w.org\/{rel}","templated":true}]}}