{"id":258,"date":"2021-10-01T14:52:07","date_gmt":"2021-10-01T11:52:07","guid":{"rendered":"http:\/\/www.drziyayavuz.com\/?page_id=258"},"modified":"2021-12-20T17:13:46","modified_gmt":"2021-12-20T14:13:46","slug":"vor-der-haartransplantationsoperation","status":"publish","type":"page","link":"https:\/\/www.drziyayavuz.com\/de\/vor-der-haartransplantationsoperation\/","title":{"rendered":"Vor der Haartransplantationsoperation"},"content":{"rendered":"<div id=\"main-content\" class=\"site-main clearfix\">\n<div id=\"content-wrap\">\n<div id=\"site-content\" class=\"site-content clearfix\">\n<div id=\"inner-content\" class=\"inner-content-wrap\">\n<div class=\"page-content\">\n<section class=\"box-service-details\">\n<div class=\"container\">\n<div class=\"row\">\n<div class=\"col-lg-12 col-md-12 col-sm-12\">\n<article class=\"single-detail-content clearfix wow fadeInUp\">Wenn Sie Medikamente oder Lotionen zur Vorbeugung von Haarausfall verwenden, m\u00fcssen Sie diese 2 Wochen vor der Operation absetzen.\u00a0Sie k\u00f6nnen Ihr Shampoo weiterhin verwenden.\u00a0Eine Woche vor der Operation m\u00fcssen Sie Aspirin und\/oder \u00e4hnliche Medikamente absetzen.Es wird empfohlen, ab dem Morgen der Operation und f\u00fcr mindestens 36 Stunden nach der Operation nicht zu rauchen.\u00a0Es wird empfohlen, 1 Tag vor und 5 Tage nach der Operation keinen Alkohol zu konsumieren.\u00a0Sie sollten auch Ihren Konsum von Koffein und gr\u00fcnem Tee minimieren.<\/p>\n<p>Am Operationstag k\u00f6nnen Sie duschen und m\u00fcssen fr\u00fchst\u00fccken, bevor Sie ins Krankenhaus kommen.\u00a0Tragen Sie Kleidung mit Kn\u00f6pfen an der Vorderseite oder ein Sweatshirt mit Rei\u00dfverschluss und w\u00e4hlen Sie bequeme Schuhe.<\/p>\n<p>In den vor der Operation durchgef\u00fchrten Tests \u00fcberpr\u00fcfen wir Hepatitis B, Hepatitis C und HIV.\u00a0Sollte einer<br \/>\ndieser Tests positiv ausfallen, werden wir die Operation leider absagen.<\/p>\n<p>Das Schmerzmittel, das Sie w\u00e4hrend der Operation erhalten, erm\u00f6glicht Ihnen eine angenehme Nacht.<\/p>\n<p>Au\u00dferdem wird Ihnen ausf\u00fchrlich erkl\u00e4rt, welche Medikamente Sie einnehmen sollten.<\/p>\n<p>Warnhinweise und Hinweise zur Nachoperation werden Ihnen am Ende des Eingriffs vom Arzt erkl\u00e4rt.<\/p>\n<\/article>\n<\/div>\n<\/div>\n<div class=\"single-gallery\">\n<div class=\"c-container container\">\n<div class=\"row\"><\/div>\n<\/div>\n<\/div>\n<\/div>\n<\/section>\n<\/div>\n<\/div>\n<\/div>\n<\/div>\n<\/div>\n<footer id=\"footer\">\n<div class=\"container\">\n<div class=\"row\">\n<div class=\"col-12\">\n<div class=\"box-list-footer\"><\/div>\n<\/div>\n<\/div>\n<\/div>\n<\/footer>\n","protected":false},"excerpt":{"rendered":"<p>Wenn Sie Medikamente oder Lotionen zur Vorbeugung von Haarausfall verwenden, m\u00fcssen Sie diese 2 Wochen vor der Operation absetzen.\u00a0Sie k\u00f6nnen Ihr Shampoo weiterhin verwenden.\u00a0Eine Woche vor der Operation m\u00fcssen Sie Aspirin und\/oder \u00e4hnliche Medikamente absetzen.Es wird empfohlen, ab dem Morgen der Operation und f\u00fcr mindestens 36 Stunden nach der Operation nicht zu rauchen.\u00a0Es wird empfohlen, [&hellip;]<\/p>\n","protected":false},"author":1,"featured_media":262,"parent":0,"menu_order":0,"comment_status":"closed","ping_status":"closed","template":"","meta":{"footnotes":""},"class_list":["post-258","page","type-page","status-publish","has-post-thumbnail","hentry"],"_links":{"self":[{"href":"https:\/\/www.drziyayavuz.com\/de\/wp-json\/wp\/v2\/pages\/258","targetHints":{"allow":["GET"]}}],"collection":[{"href":"https:\/\/www.drziyayavuz.com\/de\/wp-json\/wp\/v2\/pages"}],"about":[{"href":"https:\/\/www.drziyayavuz.com\/de\/wp-json\/wp\/v2\/types\/page"}],"author":[{"embeddable":true,"href":"https:\/\/www.drziyayavuz.com\/de\/wp-json\/wp\/v2\/users\/1"}],"replies":[{"embeddable":true,"href":"https:\/\/www.drziyayavuz.com\/de\/wp-json\/wp\/v2\/comments?post=258"}],"version-history":[{"count":2,"href":"https:\/\/www.drziyayavuz.com\/de\/wp-json\/wp\/v2\/pages\/258\/revisions"}],"predecessor-version":[{"id":408,"href":"https:\/\/www.drziyayavuz.com\/de\/wp-json\/wp\/v2\/pages\/258\/revisions\/408"}],"wp:featuredmedia":[{"embeddable":true,"href":"https:\/\/www.drziyayavuz.com\/de\/wp-json\/wp\/v2\/media\/262"}],"wp:attachment":[{"href":"https:\/\/www.drziyayavuz.com\/de\/wp-json\/wp\/v2\/media?parent=258"}],"curies":[{"name":"wp","href":"https:\/\/api.w.org\/{rel}","templated":true}]}}