{"id":221,"date":"2021-09-16T03:04:46","date_gmt":"2021-09-16T00:04:46","guid":{"rendered":"http:\/\/www.drziyayavuz.com\/?page_id=221"},"modified":"2021-12-20T17:15:57","modified_gmt":"2021-12-20T14:15:57","slug":"ueber","status":"publish","type":"page","link":"https:\/\/www.drziyayavuz.com\/de\/ueber\/","title":{"rendered":"\u00dcber"},"content":{"rendered":"<p>Der dr. Die Ziya Yavuz Haartransplantationsklinik ist eine der renommiertesten Einrichtungen zur Haarwiederherstellung in der T\u00fcrkei. Die Klinik bietet die neuesten medizinischen Techniken und Technologien, von Saphir-FUE bis hin zur nadellosen An\u00e4sthesie.<\/p>\n<p>Gegr\u00fcndet von Dr. Ziya Yavuz, die Klinik arbeitet im Acibadem Hospital Kadik\u00f6y in Istanbul. Die 1991 gegr\u00fcndete Acibadem Hospital Group ist eine der gr\u00f6\u00dften Gesundheitseinrichtungen in der T\u00fcrkei und betreibt 37 Krankenh\u00e4user und Ambulanzen in vier verschiedenen L\u00e4ndern.<\/p>\n<p>Der hohe Pflegestandard der Dr. Die Ziya Yavuz Haartransplantationsklinik hat internationale Anerkennung erhalten, wobei die ISO-Zertifizierung die Qualit\u00e4t der bereitgestellten Pflege unterstreicht. Die Klinik hat auch Erfahrung in der Betreuung internationaler Patienten und bietet All-Inclusive-Pakete f\u00fcr FUE-Haartransplantationen an, die Dinge wie Unterkunft, Abholung vom Flughafen und Transfers zur und von der Klinik umfassen.<\/p>\n<p><strong>Ort<\/strong><\/p>\n<p>Istanbul ist eine pulsierende Stadt, die Europa und Asien \u00fcber den Bosporus verbindet. Es bietet einige der gr\u00f6\u00dften architektonischen Wunderwerke der Welt \u2013 die Hagia Sophia und den gesch\u00e4ftigen Gro\u00dfen Basar, um nur einige zu nennen \u2013 sowie Caf\u00e9s und Restaurants, die einen unvergleichlichen Charme der alten Welt verspr\u00fchen. All dies und mehr macht Istanbul zu einem der spannendsten Reiseziele in Europa.<\/p>\n<p>Verifiziert von Qunomedical<\/p>\n","protected":false},"excerpt":{"rendered":"<p>Der dr. Die Ziya Yavuz Haartransplantationsklinik ist eine der renommiertesten Einrichtungen zur Haarwiederherstellung in der T\u00fcrkei. Die Klinik bietet die neuesten medizinischen Techniken und Technologien, von Saphir-FUE bis hin zur nadellosen An\u00e4sthesie. Gegr\u00fcndet von Dr. Ziya Yavuz, die Klinik arbeitet im Acibadem Hospital Kadik\u00f6y in Istanbul. Die 1991 gegr\u00fcndete Acibadem Hospital Group ist eine der [&hellip;]<\/p>\n","protected":false},"author":1,"featured_media":228,"parent":0,"menu_order":0,"comment_status":"closed","ping_status":"closed","template":"","meta":{"footnotes":""},"class_list":["post-221","page","type-page","status-publish","has-post-thumbnail","hentry"],"_links":{"self":[{"href":"https:\/\/www.drziyayavuz.com\/de\/wp-json\/wp\/v2\/pages\/221","targetHints":{"allow":["GET"]}}],"collection":[{"href":"https:\/\/www.drziyayavuz.com\/de\/wp-json\/wp\/v2\/pages"}],"about":[{"href":"https:\/\/www.drziyayavuz.com\/de\/wp-json\/wp\/v2\/types\/page"}],"author":[{"embeddable":true,"href":"https:\/\/www.drziyayavuz.com\/de\/wp-json\/wp\/v2\/users\/1"}],"replies":[{"embeddable":true,"href":"https:\/\/www.drziyayavuz.com\/de\/wp-json\/wp\/v2\/comments?post=221"}],"version-history":[{"count":2,"href":"https:\/\/www.drziyayavuz.com\/de\/wp-json\/wp\/v2\/pages\/221\/revisions"}],"predecessor-version":[{"id":421,"href":"https:\/\/www.drziyayavuz.com\/de\/wp-json\/wp\/v2\/pages\/221\/revisions\/421"}],"wp:featuredmedia":[{"embeddable":true,"href":"https:\/\/www.drziyayavuz.com\/de\/wp-json\/wp\/v2\/media\/228"}],"wp:attachment":[{"href":"https:\/\/www.drziyayavuz.com\/de\/wp-json\/wp\/v2\/media?parent=221"}],"curies":[{"name":"wp","href":"https:\/\/api.w.org\/{rel}","templated":true}]}}